{"id":6,"date":"2024-05-22T14:11:32","date_gmt":"2024-05-22T14:11:32","guid":{"rendered":"https:\/\/vr.balkan.com.tr\/?page_id=6"},"modified":"2024-05-22T14:15:16","modified_gmt":"2024-05-22T14:15:16","slug":"6-2","status":"publish","type":"page","link":"https:\/\/vr.balkan.com.tr\/?page_id=6","title":{"rendered":"Osman Balkan"},"content":{"rendered":"\n<p class=\"has-text-align-center has-small-font-size\">Y\u00f6netim Kurulu Ba\u015fkan\u0131 \/ Chairman<\/p>\n\n\n\n<div class=\"wp-block-group alignfull has-global-padding is-layout-constrained wp-container-core-group-is-layout-669513ed wp-block-group-is-layout-constrained\" style=\"margin-top:0;margin-bottom:0;padding-top:var(--wp--preset--spacing--50);padding-right:var(--wp--preset--spacing--50);padding-bottom:var(--wp--preset--spacing--50);padding-left:var(--wp--preset--spacing--50)\">\n<div class=\"wp-block-columns alignwide are-vertically-aligned-center is-layout-flex wp-container-core-columns-is-layout-4935966c wp-block-columns-is-layout-flex\" style=\"padding-right:0;padding-left:0\">\n<div class=\"wp-block-column is-vertically-aligned-center is-layout-flow wp-block-column-is-layout-flow\">\n<figure class=\"wp-block-image aligncenter size-full is-resized is-style-rounded is-style-rounded--1\"><img loading=\"lazy\" decoding=\"async\" width=\"272\" height=\"192\" src=\"https:\/\/vr.balkan.com.tr\/wp-content\/uploads\/2024\/05\/27_osman_balkan.jpg\" alt=\"\" class=\"wp-image-8\" style=\"aspect-ratio:1;object-fit:cover;width:384px;height:auto\"\/><\/figure>\n\n\n\n<ul class=\"wp-block-list\">\n<li><a href=\"tel:+90 256 231 04 64\">+90 256 231 04 64<\/a> (pbx)<\/li>\n\n\n\n<li><a href=\"tel:+90 256 231 04 64\">+90 533 336 63 01<\/a><\/li>\n\n\n\n<li>osman@balkan.com.tr<\/li>\n\n\n\n<li>BALKAN TEKST\u0130L MAK\u0130NALARI SAN. VE T\u0130C. A.\u015e.<\/li>\n\n\n\n<li>https:\/\/www.balkan.com.tr<\/li>\n\n\n\n<li>Ata Osb. Mah. Fatih Bul. No: 25 09010 Efeler\/AYDIN &#8211; T\u00dcRK\u0130YE<\/li>\n<\/ul>\n\n\n\n<p><\/p>\n<\/div>\n<\/div>\n<\/div>\n\n\n","protected":false},"excerpt":{"rendered":"<p>Y\u00f6netim Kurulu Ba\u015fkan\u0131 \/ Chairman<\/p>\n","protected":false},"author":1,"featured_media":0,"parent":0,"menu_order":0,"comment_status":"closed","ping_status":"closed","template":"","meta":{"footnotes":""},"class_list":["post-6","page","type-page","status-publish","hentry"],"yoast_head":"<!-- This site is optimized with the Yoast SEO plugin v22.2 - https:\/\/yoast.com\/wordpress\/plugins\/seo\/ -->\n<title>Osman Balkan - BALKAN VR<\/title>\n<meta name=\"robots\" content=\"index, follow, max-snippet:-1, max-image-preview:large, max-video-preview:-1\" \/>\n<link rel=\"canonical\" href=\"https:\/\/vr.balkan.com.tr\/?page_id=6\" \/>\n<meta property=\"og:locale\" content=\"tr_TR\" \/>\n<meta property=\"og:type\" content=\"article\" \/>\n<meta property=\"og:title\" content=\"Osman Balkan - BALKAN VR\" \/>\n<meta property=\"og:description\" content=\"Y\u00f6netim Kurulu Ba\u015fkan\u0131 \/ Chairman\" \/>\n<meta property=\"og:url\" content=\"https:\/\/vr.balkan.com.tr\/?page_id=6\" \/>\n<meta property=\"og:site_name\" content=\"BALKAN VR\" \/>\n<meta property=\"article:modified_time\" content=\"2024-05-22T14:15:16+00:00\" \/>\n<meta property=\"og:image\" content=\"https:\/\/vr.balkan.com.tr\/wp-content\/uploads\/2024\/05\/27_osman_balkan.jpg\" \/>\n<meta name=\"twitter:card\" content=\"summary_large_image\" \/>\n<meta name=\"twitter:label1\" content=\"Tahmini okuma s\u00fcresi\" \/>\n\t<meta name=\"twitter:data1\" content=\"1 dakika\" \/>\n<script type=\"application\/ld+json\" class=\"yoast-schema-graph\">{\"@context\":\"https:\/\/schema.org\",\"@graph\":[{\"@type\":\"WebPage\",\"@id\":\"https:\/\/vr.balkan.com.tr\/?page_id=6\",\"url\":\"https:\/\/vr.balkan.com.tr\/?page_id=6\",\"name\":\"Osman Balkan - BALKAN VR\",\"isPartOf\":{\"@id\":\"https:\/\/vr.balkan.com.tr\/#website\"},\"primaryImageOfPage\":{\"@id\":\"https:\/\/vr.balkan.com.tr\/?page_id=6#primaryimage\"},\"image\":{\"@id\":\"https:\/\/vr.balkan.com.tr\/?page_id=6#primaryimage\"},\"thumbnailUrl\":\"https:\/\/vr.balkan.com.tr\/wp-content\/uploads\/2024\/05\/27_osman_balkan.jpg\",\"datePublished\":\"2024-05-22T14:11:32+00:00\",\"dateModified\":\"2024-05-22T14:15:16+00:00\",\"breadcrumb\":{\"@id\":\"https:\/\/vr.balkan.com.tr\/?page_id=6#breadcrumb\"},\"inLanguage\":\"tr\",\"potentialAction\":[{\"@type\":\"ReadAction\",\"target\":[\"https:\/\/vr.balkan.com.tr\/?page_id=6\"]}]},{\"@type\":\"ImageObject\",\"inLanguage\":\"tr\",\"@id\":\"https:\/\/vr.balkan.com.tr\/?page_id=6#primaryimage\",\"url\":\"https:\/\/vr.balkan.com.tr\/wp-content\/uploads\/2024\/05\/27_osman_balkan.jpg\",\"contentUrl\":\"https:\/\/vr.balkan.com.tr\/wp-content\/uploads\/2024\/05\/27_osman_balkan.jpg\",\"width\":272,\"height\":192},{\"@type\":\"BreadcrumbList\",\"@id\":\"https:\/\/vr.balkan.com.tr\/?page_id=6#breadcrumb\",\"itemListElement\":[{\"@type\":\"ListItem\",\"position\":1,\"name\":\"Anasayfa\",\"item\":\"https:\/\/vr.balkan.com.tr\/\"},{\"@type\":\"ListItem\",\"position\":2,\"name\":\"Osman Balkan\"}]},{\"@type\":\"WebSite\",\"@id\":\"https:\/\/vr.balkan.com.tr\/#website\",\"url\":\"https:\/\/vr.balkan.com.tr\/\",\"name\":\"BALKAN VR\",\"description\":\"\",\"potentialAction\":[{\"@type\":\"SearchAction\",\"target\":{\"@type\":\"EntryPoint\",\"urlTemplate\":\"https:\/\/vr.balkan.com.tr\/?s={search_term_string}\"},\"query-input\":\"required name=search_term_string\"}],\"inLanguage\":\"tr\"}]}<\/script>\n<!-- \/ Yoast SEO plugin. -->","yoast_head_json":{"title":"Osman Balkan - BALKAN VR","robots":{"index":"index","follow":"follow","max-snippet":"max-snippet:-1","max-image-preview":"max-image-preview:large","max-video-preview":"max-video-preview:-1"},"canonical":"https:\/\/vr.balkan.com.tr\/?page_id=6","og_locale":"tr_TR","og_type":"article","og_title":"Osman Balkan - BALKAN VR","og_description":"Y\u00f6netim Kurulu Ba\u015fkan\u0131 \/ Chairman","og_url":"https:\/\/vr.balkan.com.tr\/?page_id=6","og_site_name":"BALKAN VR","article_modified_time":"2024-05-22T14:15:16+00:00","og_image":[{"url":"https:\/\/vr.balkan.com.tr\/wp-content\/uploads\/2024\/05\/27_osman_balkan.jpg"}],"twitter_card":"summary_large_image","twitter_misc":{"Tahmini okuma s\u00fcresi":"1 dakika"},"schema":{"@context":"https:\/\/schema.org","@graph":[{"@type":"WebPage","@id":"https:\/\/vr.balkan.com.tr\/?page_id=6","url":"https:\/\/vr.balkan.com.tr\/?page_id=6","name":"Osman Balkan - BALKAN VR","isPartOf":{"@id":"https:\/\/vr.balkan.com.tr\/#website"},"primaryImageOfPage":{"@id":"https:\/\/vr.balkan.com.tr\/?page_id=6#primaryimage"},"image":{"@id":"https:\/\/vr.balkan.com.tr\/?page_id=6#primaryimage"},"thumbnailUrl":"https:\/\/vr.balkan.com.tr\/wp-content\/uploads\/2024\/05\/27_osman_balkan.jpg","datePublished":"2024-05-22T14:11:32+00:00","dateModified":"2024-05-22T14:15:16+00:00","breadcrumb":{"@id":"https:\/\/vr.balkan.com.tr\/?page_id=6#breadcrumb"},"inLanguage":"tr","potentialAction":[{"@type":"ReadAction","target":["https:\/\/vr.balkan.com.tr\/?page_id=6"]}]},{"@type":"ImageObject","inLanguage":"tr","@id":"https:\/\/vr.balkan.com.tr\/?page_id=6#primaryimage","url":"https:\/\/vr.balkan.com.tr\/wp-content\/uploads\/2024\/05\/27_osman_balkan.jpg","contentUrl":"https:\/\/vr.balkan.com.tr\/wp-content\/uploads\/2024\/05\/27_osman_balkan.jpg","width":272,"height":192},{"@type":"BreadcrumbList","@id":"https:\/\/vr.balkan.com.tr\/?page_id=6#breadcrumb","itemListElement":[{"@type":"ListItem","position":1,"name":"Anasayfa","item":"https:\/\/vr.balkan.com.tr\/"},{"@type":"ListItem","position":2,"name":"Osman Balkan"}]},{"@type":"WebSite","@id":"https:\/\/vr.balkan.com.tr\/#website","url":"https:\/\/vr.balkan.com.tr\/","name":"BALKAN VR","description":"","potentialAction":[{"@type":"SearchAction","target":{"@type":"EntryPoint","urlTemplate":"https:\/\/vr.balkan.com.tr\/?s={search_term_string}"},"query-input":"required name=search_term_string"}],"inLanguage":"tr"}]}},"_links":{"self":[{"href":"https:\/\/vr.balkan.com.tr\/index.php?rest_route=\/wp\/v2\/pages\/6","targetHints":{"allow":["GET"]}}],"collection":[{"href":"https:\/\/vr.balkan.com.tr\/index.php?rest_route=\/wp\/v2\/pages"}],"about":[{"href":"https:\/\/vr.balkan.com.tr\/index.php?rest_route=\/wp\/v2\/types\/page"}],"author":[{"embeddable":true,"href":"https:\/\/vr.balkan.com.tr\/index.php?rest_route=\/wp\/v2\/users\/1"}],"replies":[{"embeddable":true,"href":"https:\/\/vr.balkan.com.tr\/index.php?rest_route=%2Fwp%2Fv2%2Fcomments&post=6"}],"version-history":[{"count":2,"href":"https:\/\/vr.balkan.com.tr\/index.php?rest_route=\/wp\/v2\/pages\/6\/revisions"}],"predecessor-version":[{"id":11,"href":"https:\/\/vr.balkan.com.tr\/index.php?rest_route=\/wp\/v2\/pages\/6\/revisions\/11"}],"wp:attachment":[{"href":"https:\/\/vr.balkan.com.tr\/index.php?rest_route=%2Fwp%2Fv2%2Fmedia&parent=6"}],"curies":[{"name":"wp","href":"https:\/\/api.w.org\/{rel}","templated":true}]}}